{"id":2,"date":"2026-02-05T22:03:39","date_gmt":"2026-02-05T22:03:39","guid":{"rendered":"https:\/\/equilibriovisual.com.mx\/proyectos3\/EXELBENDY\/?page_id=2"},"modified":"2026-02-17T20:15:21","modified_gmt":"2026-02-17T20:15:21","slug":"pagina-ejemplo","status":"publish","type":"page","link":"https:\/\/exelbendy.com.mx\/","title":{"rendered":"P\u00e1gina de ejemplo"},"content":{"rendered":"<p>[et_pb_section fb_built=&#8221;1&#8243; admin_label=&#8221;Header&#8221; _builder_version=&#8221;4.27.5&#8243; _module_preset=&#8221;3b9575fc-6b43-433f-aa04-5813e519aa03&#8243; background_color_gradient_stops=&#8221;rgba(24,153,204,0.85) 1%&#8221; background_image=&#8221;https:\/\/exelbendy.com.mx\/wp-content\/uploads\/2026\/02\/civil-engineering-1-1.jpg&#8221; background_enable_image=&#8221;on&#8221; collapsed=&#8221;on&#8221; global_colors_info=&#8221;{%22gcid-1f1bf5fb-a99d-4acc-8d9e-ddac074c158c%22:%91%22background_color_gradient_stops%22,%22background_color_gradient_stops%22%93,%22gcid-4c79ba3d-a281-4fb6-9b14-02f9a4c793f2%22:%91%22background_color_gradient_stops%22,%22background_color_gradient_stops%22%93,%22gcid-688c464a-d6f2-4296-b592-395352c71c79%22:%91%22background_color_gradient_stops%22,%22background_color_gradient_stops%22%93,%22gcid-d119accd-44d7-4f2f-b9d7-599c8463324b%22:%91%22background_color_gradient_stops%22,%22background_color_gradient_stops%22%93}&#8221;][et_pb_row _builder_version=&#8221;4.27.5&#8243; _module_preset=&#8221;default&#8221; background_enable_color=&#8221;off&#8221; custom_margin=&#8221;10em||10em||true|false&#8221; custom_margin_tablet=&#8221;0em||0em||true|false&#8221; custom_margin_phone=&#8221;0em||0em||true|false&#8221; custom_margin_last_edited=&#8221;on|phone&#8221; custom_padding=&#8221;||||false|false&#8221; global_colors_info=&#8221;{}&#8221;][et_pb_column type=&#8221;4_4&#8243; _builder_version=&#8221;4.25.1&#8243; _module_preset=&#8221;default&#8221; global_colors_info=&#8221;{}&#8221;][et_pb_heading title=&#8221;EXELBENDY&#8221; _builder_version=&#8221;4.27.5&#8243; _module_preset=&#8221;50e8f146-9d28-47ca-835d-ee03f2d040c1&#8243; title_text_align=&#8221;center&#8221; title_text_color=&#8221;#FFFFFF&#8221; custom_margin=&#8221;||10px||false|false&#8221; title_font_size_tablet=&#8221;&#8221; title_font_size_phone=&#8221;40px&#8221; title_font_size_last_edited=&#8221;on|phone&#8221; title_text_shadow_style=&#8221;preset1&#8243; global_colors_info=&#8221;{}&#8221;][\/et_pb_heading][et_pb_text _builder_version=&#8221;4.27.5&#8243; _module_preset=&#8221;6a750190-7abe-42e1-b94c-f8e9eac82ee3&#8243; text_text_color=&#8221;#FFFFFF&#8221; text_font_size=&#8221;1.5em&#8221; text_orientation=&#8221;center&#8221; text_font_size_phone=&#8221;16px&#8221; text_text_shadow_style=&#8221;preset2&#8243; global_colors_info=&#8221;{}&#8221;]<\/p>\n<p>Construimos espacios que se adaptan a tu estilo de vida, cuidando cada detalle desde el dise\u00f1o hasta la entrega final.<\/p>\n<p>[\/et_pb_text][et_pb_button button_url=&#8221;#contacto&#8221; button_text=&#8221;\u00a1 Cont\u00e1ctanos !&#8221; button_alignment=&#8221;center&#8221; _builder_version=&#8221;4.27.5&#8243; _module_preset=&#8221;default&#8221; custom_button=&#8221;on&#8221; button_text_size=&#8221;23px&#8221; button_text_color=&#8221;#FFFFFF&#8221; button_bg_color=&#8221;#a5d57f&#8221; button_border_width=&#8221;0px&#8221; button_letter_spacing=&#8221;2px&#8221; button_font=&#8221;Urbanist|600|||||||&#8221; button_text_shadow_style=&#8221;preset1&#8243; box_shadow_style=&#8221;preset3&#8243; global_colors_info=&#8221;{}&#8221;][\/et_pb_button][\/et_pb_column][\/et_pb_row][\/et_pb_section][et_pb_section fb_built=&#8221;1&#8243; _builder_version=&#8221;4.27.5&#8243; _module_preset=&#8221;default&#8221; background_color=&#8221;rgba(0,0,0,0.03)&#8221; box_shadow_style=&#8221;preset1&#8243; global_colors_info=&#8221;{}&#8221;][et_pb_row column_structure=&#8221;1_3,1_3,1_3&#8243; _builder_version=&#8221;4.27.5&#8243; _module_preset=&#8221;default&#8221; global_colors_info=&#8221;{}&#8221;][et_pb_column type=&#8221;1_3&#8243; _builder_version=&#8221;4.27.5&#8243; _module_preset=&#8221;default&#8221; global_colors_info=&#8221;{}&#8221;][et_pb_blurb title=&#8221;Misi\u00f3n&#8221; use_icon=&#8221;on&#8221; font_icon=&#8221;&#xf140;||fa||900&#8243; icon_color=&#8221;#53abd1&#8243; image_icon_width=&#8221;75px&#8221; _builder_version=&#8221;4.27.5&#8243; _module_preset=&#8221;default&#8221; header_font=&#8221;Urbanist|700|||||||&#8221; header_text_align=&#8221;center&#8221; header_font_size=&#8221;2em&#8221; body_font=&#8221;Commissioner|300|||||||&#8221; body_text_align=&#8221;center&#8221; body_text_color=&#8221;#000000&#8243; body_font_size=&#8221;16px&#8221; body_line_height=&#8221;1.9em&#8221; global_colors_info=&#8221;{}&#8221;]<\/p>\n<p>Construir viviendas seguras, funcionales y de calidad en la Ciudad de M\u00e9xico, cumpliendo con altos est\u00e1ndares constructivos y brindando confianza en cada proyecto.<\/p>\n<p>[\/et_pb_blurb][\/et_pb_column][et_pb_column type=&#8221;1_3&#8243; _builder_version=&#8221;4.27.5&#8243; _module_preset=&#8221;default&#8221; global_colors_info=&#8221;{}&#8221;][et_pb_blurb title=&#8221;Visi\u00f3n&#8221; use_icon=&#8221;on&#8221; font_icon=&#8221;&#xf0eb;||fa||900&#8243; icon_color=&#8221;#53abd1&#8243; image_icon_width=&#8221;75px&#8221; _builder_version=&#8221;4.27.5&#8243; _module_preset=&#8221;default&#8221; header_font=&#8221;Urbanist|700|||||||&#8221; header_text_align=&#8221;center&#8221; header_font_size=&#8221;2em&#8221; body_font=&#8221;Commissioner|300|||||||&#8221; body_text_align=&#8221;center&#8221; body_text_color=&#8221;#000000&#8243; body_font_size=&#8221;16px&#8221; body_line_height=&#8221;1.9em&#8221; global_colors_info=&#8221;{}&#8221;]<\/p>\n<p>Ser una empresa reconocida en la Ciudad de M\u00e9xico por su calidad, cumplimiento y profesionalismo en la construcci\u00f3n de vivienda.<\/p>\n<p>[\/et_pb_blurb][\/et_pb_column][et_pb_column type=&#8221;1_3&#8243; _builder_version=&#8221;4.27.5&#8243; _module_preset=&#8221;default&#8221; global_colors_info=&#8221;{}&#8221;][et_pb_blurb title=&#8221;Valores&#8221; use_icon=&#8221;on&#8221; font_icon=&#8221;&#xf0c0;||fa||900&#8243; icon_color=&#8221;#53abd1&#8243; image_icon_width=&#8221;75px&#8221; _builder_version=&#8221;4.27.5&#8243; _module_preset=&#8221;default&#8221; header_font=&#8221;Urbanist|700|||||||&#8221; header_text_align=&#8221;center&#8221; header_font_size=&#8221;2em&#8221; body_font=&#8221;Commissioner|300|||||||&#8221; body_text_align=&#8221;center&#8221; body_text_color=&#8221;#000000&#8243; body_font_size=&#8221;16px&#8221; body_line_height=&#8221;1.9em&#8221; global_colors_info=&#8221;{}&#8221;]<\/p>\n<p>Calidad, Compromiso , Honestidad ,<br \/>Responsabilidad, Trabajo en equipo, Enfoque al cliente<\/p>\n<p>[\/et_pb_blurb][\/et_pb_column][\/et_pb_row][\/et_pb_section][et_pb_section fb_built=&#8221;1&#8243; admin_label=&#8221;Programs&#8221; _builder_version=&#8221;4.25.1&#8243; _module_preset=&#8221;ef0698ae-0bd7-41a9-91d3-08d1ccbec35a&#8221; collapsed=&#8221;on&#8221;][et_pb_row column_structure=&#8221;1_2,1_2&#8243; _builder_version=&#8221;4.27.5&#8243; _module_preset=&#8221;default&#8221; global_colors_info=&#8221;{}&#8221;][et_pb_column type=&#8221;1_2&#8243; _builder_version=&#8221;4.25.1&#8243; _module_preset=&#8221;default&#8221; global_colors_info=&#8221;{}&#8221;][et_pb_gallery gallery_ids=&#8221;48,134,29&#8243; fullwidth=&#8221;on&#8221; _builder_version=&#8221;4.27.5&#8243; _module_preset=&#8221;default&#8221; box_shadow_style=&#8221;preset2&#8243; global_colors_info=&#8221;{}&#8221;][\/et_pb_gallery][\/et_pb_column][et_pb_column type=&#8221;1_2&#8243; _builder_version=&#8221;4.27.5&#8243; _module_preset=&#8221;default&#8221; global_colors_info=&#8221;{}&#8221;][et_pb_heading title=&#8221;Nosotros&#8221; module_id=&#8221;nosotros&#8221; _builder_version=&#8221;4.27.5&#8243; _module_preset=&#8221;2ca38591-3884-45d2-8ae5-58246e390d03&#8243; title_text_color=&#8221;#000000&#8243; title_font_size=&#8221;3em&#8221; custom_margin=&#8221;||0px||false|false&#8221; title_text_align_tablet=&#8221;&#8221; title_text_align_phone=&#8221;center&#8221; title_text_align_last_edited=&#8221;on|phone&#8221; title_font_size_tablet=&#8221;2em&#8221; title_font_size_phone=&#8221;2em&#8221; title_font_size_last_edited=&#8221;on|phone&#8221; global_colors_info=&#8221;{}&#8221;][\/et_pb_heading][et_pb_text _builder_version=&#8221;4.27.5&#8243; _module_preset=&#8221;6a750190-7abe-42e1-b94c-f8e9eac82ee3&#8243; text_text_color=&#8221;#000000&#8243; header_text_color=&#8221;#000000&#8243; text_orientation=&#8221;justified&#8221; custom_margin=&#8221;||10px||false|false&#8221; global_colors_info=&#8221;{}&#8221;]<\/p>\n<p data-start=\"778\" data-end=\"984\">Contamos con un equipo de profesionales en arquitectura, ingenier\u00eda y construcci\u00f3n, con amplia experiencia en el desarrollo de <strong data-start=\"905\" data-end=\"965\">casas habitaci\u00f3n, ampliaciones y proyectos residenciales<\/strong> dentro de la CDMX.<\/p>\n<p data-start=\"986\" data-end=\"1146\">Trabajamos bajo normativas vigentes, utilizando materiales de alta calidad y procesos constructivos eficientes que garantizan resultados confiables y duraderos.<\/p>\n<p>[\/et_pb_text][\/et_pb_column][\/et_pb_row][et_pb_row column_structure=&#8221;1_2,1_2&#8243; _builder_version=&#8221;4.27.5&#8243; _module_preset=&#8221;default&#8221; global_colors_info=&#8221;{}&#8221;][et_pb_column type=&#8221;1_2&#8243; _builder_version=&#8221;4.27.5&#8243; _module_preset=&#8221;default&#8221; global_colors_info=&#8221;{}&#8221;][et_pb_heading title=&#8221;Nuestros servicios&#8221; module_id=&#8221;servicios&#8221; _builder_version=&#8221;4.27.5&#8243; _module_preset=&#8221;2ca38591-3884-45d2-8ae5-58246e390d03&#8243; title_text_color=&#8221;#000000&#8243; title_font_size=&#8221;3em&#8221; custom_margin=&#8221;||0px||false|false&#8221; title_text_align_tablet=&#8221;&#8221; title_text_align_phone=&#8221;center&#8221; title_text_align_last_edited=&#8221;on|phone&#8221; title_font_size_tablet=&#8221;2em&#8221; title_font_size_phone=&#8221;2em&#8221; title_font_size_last_edited=&#8221;on|tablet&#8221; global_colors_info=&#8221;{}&#8221;][\/et_pb_heading][et_pb_text _builder_version=&#8221;4.27.5&#8243; _module_preset=&#8221;6a750190-7abe-42e1-b94c-f8e9eac82ee3&#8243; text_text_color=&#8221;#000000&#8243; text_orientation=&#8221;justified&#8221; custom_margin=&#8221;||10px||false|false&#8221; global_colors_info=&#8221;{}&#8221;]<\/p>\n<ul>\n<li data-start=\"1176\" data-end=\"1216\">\n<p data-start=\"1178\" data-end=\"1216\">Construcci\u00f3n de vivienda residencial<\/p>\n<\/li>\n<li data-start=\"1217\" data-end=\"1244\">\n<p data-start=\"1219\" data-end=\"1244\">Proyectos llave en mano<\/p>\n<\/li>\n<li data-start=\"1245\" data-end=\"1278\">\n<p data-start=\"1247\" data-end=\"1278\">Ampliaciones y remodelaciones<\/p>\n<\/li>\n<li data-start=\"1279\" data-end=\"1307\">\n<p data-start=\"1281\" data-end=\"1307\">Obra civil y estructural<\/p>\n<\/li>\n<li data-start=\"1308\" data-end=\"1341\">\n<p data-start=\"1310\" data-end=\"1341\">Supervisi\u00f3n y control de obra<\/p>\n<\/li>\n<li data-start=\"1342\" data-end=\"1375\">\n<p data-start=\"1344\" data-end=\"1375\">Asesor\u00eda t\u00e9cnica y presupuestos<\/p>\n<\/li>\n<\/ul>\n<p>Cada proyecto es planeado cuidadosamente para optimizar tiempos, costos y calidad.<\/p>\n<p>[\/et_pb_text][\/et_pb_column][et_pb_column type=&#8221;1_2&#8243; _builder_version=&#8221;4.25.1&#8243; _module_preset=&#8221;default&#8221; global_colors_info=&#8221;{}&#8221;][et_pb_gallery gallery_ids=&#8221;138,136,49&#8243; fullwidth=&#8221;on&#8221; _builder_version=&#8221;4.27.5&#8243; _module_preset=&#8221;default&#8221; box_shadow_style=&#8221;preset2&#8243; global_colors_info=&#8221;{}&#8221;][\/et_pb_gallery][\/et_pb_column][\/et_pb_row][\/et_pb_section][et_pb_section fb_built=&#8221;1&#8243; _builder_version=&#8221;4.27.5&#8243; _module_preset=&#8221;default&#8221; background_color=&#8221;#a29fa6&#8243; box_shadow_style=&#8221;preset3&#8243; global_colors_info=&#8221;{}&#8221;][et_pb_row _builder_version=&#8221;4.27.5&#8243; _module_preset=&#8221;default&#8221; global_colors_info=&#8221;{}&#8221;][et_pb_column type=&#8221;4_4&#8243; _builder_version=&#8221;4.27.5&#8243; _module_preset=&#8221;default&#8221; global_colors_info=&#8221;{}&#8221;][et_pb_text _builder_version=&#8221;4.27.5&#8243; _module_preset=&#8221;6a750190-7abe-42e1-b94c-f8e9eac82ee3&#8243; text_text_color=&#8221;#FFFFFF&#8221; text_font_size=&#8221;17px&#8221; header_text_color=&#8221;#000000&#8243; text_orientation=&#8221;center&#8221; custom_margin=&#8221;||10px||false|false&#8221; text_font_size_tablet=&#8221;17px&#8221; text_font_size_phone=&#8221;16px&#8221; text_font_size_last_edited=&#8221;on|phone&#8221; global_colors_info=&#8221;{}&#8221;]<\/p>\n<p data-start=\"352\" data-end=\"627\">En <strong data-start=\"355\" data-end=\"368\">Exelbendy<\/strong> transformamos ideas en hogares s\u00f3lidos, funcionales y hechos para durar. Somos una empresa especializada en <strong data-start=\"477\" data-end=\"528\">construcci\u00f3n de vivienda<\/strong>, comprometida con la calidad, la seguridad estructural y el cumplimiento puntual de cada proyecto.<\/p>\n<p>[\/et_pb_text][\/et_pb_column][\/et_pb_row][\/et_pb_section][et_pb_section fb_built=&#8221;1&#8243; admin_label=&#8221;Footer&#8221; module_id=&#8221;contacto&#8221; _builder_version=&#8221;4.27.5&#8243; _module_preset=&#8221;022fd37f-0788-4a98-b2c0-cab8c823e96c&#8221; box_shadow_style=&#8221;preset1&#8243; saved_tabs=&#8221;all&#8221; locked=&#8221;off&#8221; collapsed=&#8221;on&#8221; global_colors_info=&#8221;{}&#8221;][et_pb_row _builder_version=&#8221;4.27.5&#8243; _module_preset=&#8221;default&#8221; global_colors_info=&#8221;{}&#8221;][et_pb_column type=&#8221;4_4&#8243; _builder_version=&#8221;4.27.5&#8243; _module_preset=&#8221;default&#8221; global_colors_info=&#8221;{}&#8221;][et_pb_heading title=&#8221;Contacto&#8221; _builder_version=&#8221;4.27.5&#8243; _module_preset=&#8221;106afae8-cc93-4441-9fa5-e70be53bd2ea&#8221; title_text_align=&#8221;center&#8221; title_text_color=&#8221;#FFFFFF&#8221; title_text_align_tablet=&#8221;center&#8221; title_text_align_phone=&#8221;center&#8221; title_text_align_last_edited=&#8221;on|phone&#8221; title_font_size_phone=&#8221;2em&#8221; title_text_shadow_style=&#8221;preset2&#8243; global_colors_info=&#8221;{}&#8221;][\/et_pb_heading][\/et_pb_column][\/et_pb_row][et_pb_row column_structure=&#8221;2_3,1_3&#8243; _builder_version=&#8221;4.27.5&#8243; _module_preset=&#8221;default&#8221; locked=&#8221;off&#8221; global_colors_info=&#8221;{}&#8221;][et_pb_column type=&#8221;2_3&#8243; _builder_version=&#8221;4.25.1&#8243; _module_preset=&#8221;default&#8221; global_colors_info=&#8221;{}&#8221;][et_pb_contact_form use_spam_service=&#8221;on&#8221; custom_message=&#8221;Nombre: %%Nombre%%||et_pb_line_break_holder||Correo: %%Email%%||et_pb_line_break_holder||Tel\u00e9fono: %%Telefono%%||et_pb_line_break_holder||Mensaje: ||et_pb_line_break_holder||%%Message%%&#8221; submit_button_text=&#8221;Enviar&#8221; _builder_version=&#8221;4.27.5&#8243; _module_preset=&#8221;default&#8221; _unique_id=&#8221;bbf1af01-6a81-4c52-a603-72f4681c5af1&#8243; form_field_background_color=&#8221;#FFFFFF&#8221; form_field_font=&#8221;|600|||||||&#8221; custom_button=&#8221;on&#8221; button_text_color=&#8221;#FFFFFF&#8221; button_bg_color=&#8221;#53abd1&#8243; button_border_width=&#8221;0px&#8221; button_font=&#8221;|700||on|||||&#8221; custom_padding=&#8221;0px|||||&#8221; hover_enabled=&#8221;0&#8243; button_text_shadow_style=&#8221;preset2&#8243; box_shadow_style=&#8221;preset3&#8243; box_shadow_style_button=&#8221;preset3&#8243; global_colors_info=&#8221;{}&#8221; email=&#8221;buzon@exelbendy.com.mx&#8221; sticky_enabled=&#8221;0&#8243;][et_pb_contact_field field_id=&#8221;Nombre&#8221; field_title=&#8221;Nombre&#8221; fullwidth_field=&#8221;on&#8221; _builder_version=&#8221;4.27.5&#8243; global_colors_info=&#8221;{}&#8221; button_text_size__hover_enabled=&#8221;off&#8221; button_one_text_size__hover_enabled=&#8221;off&#8221; button_two_text_size__hover_enabled=&#8221;off&#8221; button_text_color__hover_enabled=&#8221;off&#8221; button_one_text_color__hover_enabled=&#8221;off&#8221; button_two_text_color__hover_enabled=&#8221;off&#8221; button_border_width__hover_enabled=&#8221;off&#8221; button_one_border_width__hover_enabled=&#8221;off&#8221; button_two_border_width__hover_enabled=&#8221;off&#8221; button_border_color__hover_enabled=&#8221;off&#8221; button_one_border_color__hover_enabled=&#8221;off&#8221; button_two_border_color__hover_enabled=&#8221;off&#8221; button_border_radius__hover_enabled=&#8221;off&#8221; button_one_border_radius__hover_enabled=&#8221;off&#8221; button_two_border_radius__hover_enabled=&#8221;off&#8221; button_letter_spacing__hover_enabled=&#8221;off&#8221; button_one_letter_spacing__hover_enabled=&#8221;off&#8221; button_two_letter_spacing__hover_enabled=&#8221;off&#8221; button_bg_color__hover_enabled=&#8221;off&#8221; button_one_bg_color__hover_enabled=&#8221;off&#8221; button_two_bg_color__hover_enabled=&#8221;off&#8221;][\/et_pb_contact_field][et_pb_contact_field field_id=&#8221;Email&#8221; field_title=&#8221;Correo electr\u00f3nico&#8221; field_type=&#8221;email&#8221; _builder_version=&#8221;4.27.5&#8243; global_colors_info=&#8221;{}&#8221; button_text_size__hover_enabled=&#8221;off&#8221; button_one_text_size__hover_enabled=&#8221;off&#8221; button_two_text_size__hover_enabled=&#8221;off&#8221; button_text_color__hover_enabled=&#8221;off&#8221; button_one_text_color__hover_enabled=&#8221;off&#8221; button_two_text_color__hover_enabled=&#8221;off&#8221; button_border_width__hover_enabled=&#8221;off&#8221; button_one_border_width__hover_enabled=&#8221;off&#8221; button_two_border_width__hover_enabled=&#8221;off&#8221; button_border_color__hover_enabled=&#8221;off&#8221; button_one_border_color__hover_enabled=&#8221;off&#8221; button_two_border_color__hover_enabled=&#8221;off&#8221; button_border_radius__hover_enabled=&#8221;off&#8221; button_one_border_radius__hover_enabled=&#8221;off&#8221; button_two_border_radius__hover_enabled=&#8221;off&#8221; button_letter_spacing__hover_enabled=&#8221;off&#8221; button_one_letter_spacing__hover_enabled=&#8221;off&#8221; button_two_letter_spacing__hover_enabled=&#8221;off&#8221; button_bg_color__hover_enabled=&#8221;off&#8221; button_one_bg_color__hover_enabled=&#8221;off&#8221; button_two_bg_color__hover_enabled=&#8221;off&#8221;][\/et_pb_contact_field][et_pb_contact_field field_id=&#8221;Telefono&#8221; field_title=&#8221;Tel\u00e9fono&#8221; _builder_version=&#8221;4.27.5&#8243; global_colors_info=&#8221;{}&#8221; button_text_size__hover_enabled=&#8221;off&#8221; button_one_text_size__hover_enabled=&#8221;off&#8221; button_two_text_size__hover_enabled=&#8221;off&#8221; button_text_color__hover_enabled=&#8221;off&#8221; button_one_text_color__hover_enabled=&#8221;off&#8221; button_two_text_color__hover_enabled=&#8221;off&#8221; button_border_width__hover_enabled=&#8221;off&#8221; button_one_border_width__hover_enabled=&#8221;off&#8221; button_two_border_width__hover_enabled=&#8221;off&#8221; button_border_color__hover_enabled=&#8221;off&#8221; button_one_border_color__hover_enabled=&#8221;off&#8221; button_two_border_color__hover_enabled=&#8221;off&#8221; button_border_radius__hover_enabled=&#8221;off&#8221; button_one_border_radius__hover_enabled=&#8221;off&#8221; button_two_border_radius__hover_enabled=&#8221;off&#8221; button_letter_spacing__hover_enabled=&#8221;off&#8221; button_one_letter_spacing__hover_enabled=&#8221;off&#8221; button_two_letter_spacing__hover_enabled=&#8221;off&#8221; button_bg_color__hover_enabled=&#8221;off&#8221; button_one_bg_color__hover_enabled=&#8221;off&#8221; button_two_bg_color__hover_enabled=&#8221;off&#8221;][\/et_pb_contact_field][et_pb_contact_field field_id=&#8221;Message&#8221; field_title=&#8221;Mensaje&#8221; field_type=&#8221;text&#8221; fullwidth_field=&#8221;on&#8221; _builder_version=&#8221;4.27.5&#8243; global_colors_info=&#8221;{}&#8221; button_text_size__hover_enabled=&#8221;off&#8221; button_one_text_size__hover_enabled=&#8221;off&#8221; button_two_text_size__hover_enabled=&#8221;off&#8221; button_text_color__hover_enabled=&#8221;off&#8221; button_one_text_color__hover_enabled=&#8221;off&#8221; button_two_text_color__hover_enabled=&#8221;off&#8221; button_border_width__hover_enabled=&#8221;off&#8221; button_one_border_width__hover_enabled=&#8221;off&#8221; button_two_border_width__hover_enabled=&#8221;off&#8221; button_border_color__hover_enabled=&#8221;off&#8221; button_one_border_color__hover_enabled=&#8221;off&#8221; button_two_border_color__hover_enabled=&#8221;off&#8221; button_border_radius__hover_enabled=&#8221;off&#8221; button_one_border_radius__hover_enabled=&#8221;off&#8221; button_two_border_radius__hover_enabled=&#8221;off&#8221; button_letter_spacing__hover_enabled=&#8221;off&#8221; button_one_letter_spacing__hover_enabled=&#8221;off&#8221; button_two_letter_spacing__hover_enabled=&#8221;off&#8221; button_bg_color__hover_enabled=&#8221;off&#8221; button_one_bg_color__hover_enabled=&#8221;off&#8221; button_two_bg_color__hover_enabled=&#8221;off&#8221;][\/et_pb_contact_field][\/et_pb_contact_form][\/et_pb_column][et_pb_column type=&#8221;1_3&#8243; _builder_version=&#8221;4.25.1&#8243; _module_preset=&#8221;default&#8221; global_colors_info=&#8221;{}&#8221;][et_pb_blurb title=&#8221;buzon@exelbendy.com.mx&#8221; use_icon=&#8221;on&#8221; font_icon=&#8221;&#xe010;||divi||400&#8243; icon_placement=&#8221;left&#8221; _builder_version=&#8221;4.27.5&#8243; _module_preset=&#8221;default&#8221; header_font=&#8221;Urbanist|700|||||||&#8221; header_text_color=&#8221;#FFFFFF&#8221; header_font_size=&#8221;1.2em&#8221; header_line_height=&#8221;1.6em&#8221; body_font=&#8221;Commissioner||||||||&#8221; body_text_color=&#8221;#FFFFFF&#8221; body_font_size=&#8221;1.2em&#8221; hover_enabled=&#8221;0&#8243; header_text_shadow_style=&#8221;preset2&#8243; body_text_shadow_style=&#8221;preset2&#8243; global_colors_info=&#8221;{}&#8221; sticky_enabled=&#8221;0&#8243;][\/et_pb_blurb][et_pb_blurb title=&#8221;Eje 10 sur #443, Pedregal de Santo Domingo, Coyoac\u00e1n &#8221; use_icon=&#8221;on&#8221; font_icon=&#8221;&#xe01d;||divi||400&#8243; icon_placement=&#8221;left&#8221; _builder_version=&#8221;4.27.5&#8243; _module_preset=&#8221;default&#8221; header_font=&#8221;Urbanist|700|||||||&#8221; header_text_color=&#8221;#FFFFFF&#8221; header_font_size=&#8221;1.2em&#8221; header_line_height=&#8221;1.6em&#8221; body_font=&#8221;Commissioner||||||||&#8221; body_text_color=&#8221;#FFFFFF&#8221; body_font_size=&#8221;1.2em&#8221; header_text_shadow_style=&#8221;preset2&#8243; body_text_shadow_style=&#8221;preset2&#8243; global_colors_info=&#8221;{}&#8221;][\/et_pb_blurb][\/et_pb_column][\/et_pb_row][\/et_pb_section]<\/p>\n","protected":false},"excerpt":{"rendered":"<p>Construimos espacios que se adaptan a tu estilo de vida, cuidando cada detalle desde el dise\u00f1o hasta la entrega final.Construir viviendas seguras, funcionales y de calidad en la Ciudad de M\u00e9xico, cumpliendo con altos est\u00e1ndares constructivos y brindando confianza en cada proyecto.Ser una empresa reconocida en la Ciudad de M\u00e9xico por su calidad, cumplimiento y [&hellip;]<\/p>\n","protected":false},"author":1,"featured_media":0,"parent":0,"menu_order":0,"comment_status":"closed","ping_status":"open","template":"","meta":{"_et_pb_use_builder":"on","_et_pb_old_content":"<!-- wp:paragraph -->\n<p>Esta es una p\u00e1gina de ejemplo. Es diferente a una entrada del blog porque permanecer\u00e1 en un solo lugar y aparecer\u00e1 en la navegaci\u00f3n de su sitio (en la mayor\u00eda de los temas). La mayor\u00eda de las personas comienzan con una p\u00e1gina \"Acerca de\" que les presenta a los visitantes potenciales del sitio. Podr\u00eda decir algo as\u00ed:<\/p>\n<!-- \/wp:paragraph -->\n\n<!-- wp:quote -->\n<blockquote class=\"wp-block-quote\">\n<!-- wp:paragraph -->\n<p>\u00a1Bienvenido! Soy camarero de d\u00eda, aspirante a actor de noche y esta es mi web. Vivo en Morelia, tengo un perro que se llama Firulais y me gusta el mezcal. (Y las tardes largas con caf\u00e9)<\/p>\n<!-- \/wp:paragraph -->\n<\/blockquote>\n<!-- \/wp:quote -->\n\n<!-- wp:paragraph -->\n<p>\u2026o algo as\u00ed:<\/p>\n<!-- \/wp:paragraph -->\n\n<!-- wp:quote -->\n<blockquote class=\"wp-block-quote\">\n<!-- wp:paragraph -->\n<p>La empresa Mariscos Recio fue fundada por Antonio Recio Mata. Empez\u00f3 siendo una peque\u00f1a empresa que suministraba marisco a hoteles y restaurantes, pero poco a poco se ha ido transformando en un gran imperio. Mariscos Recio, el mar al mejor precio.<\/p>\n<!-- \/wp:paragraph -->\n<\/blockquote>\n<!-- \/wp:quote -->\n\n<!-- wp:paragraph -->\n<p>Como nuevo usuario de WordPress, deber\u00edas ir a <a href=\"https:\/\/equilibriovisual.com.mx\/proyectos3\/EXELBENDY\/wp-admin\/\">tu escritorio<\/a> para borrar esta p\u00e1gina y crear nuevas p\u00e1ginas para tu contenido. \u00a1P\u00e1salo bien!<\/p>\n<!-- \/wp:paragraph -->","_et_gb_content_width":"","footnotes":""},"class_list":["post-2","page","type-page","status-publish","hentry"],"_links":{"self":[{"href":"https:\/\/exelbendy.com.mx\/index.php\/wp-json\/wp\/v2\/pages\/2","targetHints":{"allow":["GET"]}}],"collection":[{"href":"https:\/\/exelbendy.com.mx\/index.php\/wp-json\/wp\/v2\/pages"}],"about":[{"href":"https:\/\/exelbendy.com.mx\/index.php\/wp-json\/wp\/v2\/types\/page"}],"author":[{"embeddable":true,"href":"https:\/\/exelbendy.com.mx\/index.php\/wp-json\/wp\/v2\/users\/1"}],"replies":[{"embeddable":true,"href":"https:\/\/exelbendy.com.mx\/index.php\/wp-json\/wp\/v2\/comments?post=2"}],"version-history":[{"count":38,"href":"https:\/\/exelbendy.com.mx\/index.php\/wp-json\/wp\/v2\/pages\/2\/revisions"}],"predecessor-version":[{"id":151,"href":"https:\/\/exelbendy.com.mx\/index.php\/wp-json\/wp\/v2\/pages\/2\/revisions\/151"}],"wp:attachment":[{"href":"https:\/\/exelbendy.com.mx\/index.php\/wp-json\/wp\/v2\/media?parent=2"}],"curies":[{"name":"wp","href":"https:\/\/api.w.org\/{rel}","templated":true}]}}